{"id":3485,"date":"2019-03-23T18:03:50","date_gmt":"2019-03-23T17:03:50","guid":{"rendered":"http:\/\/www.damienfrancois.com\/?page_id=3485"},"modified":"2024-01-24T19:51:34","modified_gmt":"2024-01-24T18:51:34","slug":"presse","status":"publish","type":"page","link":"https:\/\/www.damienfrancois.com\/?page_id=3485","title":{"rendered":"Presse"},"content":{"rendered":"\n<table class=\"wp-block-table\" border=\"0\">\n<tbody>\n<tr>\n<td>\n<figure class=\"swap-on-hover\"><a onclick=\"javascript:pageTracker._trackPageview('\/outgoing\/www.calameo.com\/read\/000673573afb9df03c2cc');\"  href=\"https:\/\/www.calameo.com\/read\/000673573afb9df03c2cc\" target=\"_blank\" rel=\"noopener\"><img decoding=\"async\" src=\"https:\/\/www.damienfrancois.com\/wp-content\/uploads\/2024\/01\/tendances-residuelles.jpg\" alt=\"Tendances r\u00e9siduelles\" width=\"360\" \/><\/a><\/figure>\n<\/td>\n<td>\n<h3>Tendances r\u00e9siduelles<\/h3>\nCatalogue d\u2019exposition Solo<br \/>Salles Hedberg \/ Torun<br \/><em>Biot, France. 2023<\/em><\/td>\n<\/tr>\n<tr>\n<td>\n<figure class=\"swap-on-hover\"><img decoding=\"async\" src=\"https:\/\/www.damienfrancois.com\/wp-content\/uploads\/2024\/01\/biennale-verre-23.jpg\" alt=\"Biennale du verre 2023\" width=\"360\" \/><\/figure>\n<\/td>\n<td>\n<h3>Biennale du verre 2023<\/h3>\nCatalogue d\u2019exposition &#8211; 6e Biennale du verre<br \/>Mus\u00e9e d\u2019Art et d\u2019Histoire de Colombes, P.14<br \/><em>Paris, France, 2023<\/em><\/td>\n<\/tr>\n<tr>\n<td>\n<figure class=\"swap-on-hover\"><img decoding=\"async\" src=\"https:\/\/www.damienfrancois.com\/wp-content\/uploads\/2024\/01\/glassart2022.jpg\" alt=\"Glass Art 2022\" width=\"360\" \/><\/figure>\n<\/td>\n<td>\n<h3>GlassArt2022 &#8211; Ad Vitrum \u00c6ternam<\/h3>\nCatalogue d\u2019exposition, P.14<br \/><em>Omnium, Lyon, France, 2022<\/em><\/td>\n<\/tr>\n<tr>\n<td>\n<figure class=\"swap-on-hover\"><img decoding=\"async\" src=\"http:\/\/www.damienfrancois.com\/wp-content\/uploads\/2021\/11\/ceramique240.jpg\" alt=\"La revue de la c\u00e9ramique et du verre\" width=\"360\" \/><\/figure>\n<\/td>\n<td>\n<h3>Revue de la C\u00e9ramique et du Verre, n\u00b0240<\/h3>\nArticle, P. 78<br \/><a onclick=\"javascript:pageTracker._trackPageview('\/downloads\/wp-content\/uploads\/2021\/11\/Revue-ce\u0301ramique-240.pdf');\"  href=\"http:\/\/www.damienfrancois.com\/wp-content\/uploads\/2021\/11\/Revue-ce\u0301ramique-240.pdf\" target=\"_blank\" rel=\"noreferrer noopener\" aria-label=\"Article (opens in a new tab)\">\u00ab\u00a040 ans c\u00e9ramistes \/ verriers\u00a0\u00bb<\/a><br \/><em>France. 2021<\/em><\/td>\n<\/tr>\n<tr>\n<td>\n<figure class=\"swap-on-hover\"><img decoding=\"async\" src=\"http:\/\/www.damienfrancois.com\/files\/art-contemporain-2020.jpg\" alt=\"Art du verre contemporain\" width=\"360\" \/><\/figure>\n<\/td>\n<td>\n<h3>Art du verre contemporain<\/h3>\nCatalogue d\u2019exposition, P.16 <br \/><a onclick=\"javascript:pageTracker._trackPageview('\/outgoing\/ville-evian.fr\/fr\/culture\/maison-gribaldi\/art-du-verre-contemporain');\"  href=\"https:\/\/ville-evian.fr\/fr\/culture\/maison-gribaldi\/art-du-verre-contemporain\" target=\"_blank\" rel=\"noreferrer noopener\" aria-label=\"Art du verre contemporain (opens in a new tab)\">Exposition \u00ab\u00a0Art du verre contemporain\u00a0\u00bb<\/a><br \/><em>Maison Gribaldi, Evian, France. 2021<\/em><\/td>\n<\/tr>\n<tr>\n<td>\n<figure class=\"swap-on-hover\"><a onclick=\"javascript:pageTracker._trackPageview('\/downloads\/files\/atelier-dArt2020.pdf');\"  href=\"http:\/\/www.damienfrancois.com\/files\/atelier-dArt2020.pdf\" target=\"_blank\" rel=\"noopener noreferrer\"><img decoding=\"async\" src=\"http:\/\/www.damienfrancois.com\/files\/ateliers-art-2020.jpg\" alt=\"Ateliers d'Art\" width=\"360\" \/><\/a><\/figure>\n<\/td>\n<td>\n<h3>Ateliers d\u2019Art n\u00b0149<\/h3>\nArticle \u00ab\u00a0La Lune objet C\u00e9leste\u00a0\u00bb, P.20<br \/><a onclick=\"javascript:pageTracker._trackPageview('\/outgoing\/www.editionsateliersdart.com\/n-149-decembre-janvier-2021.html');\"  href=\"https:\/\/www.editionsateliersdart.com\/n-149-decembre-janvier-2021.html\" target=\"_blank\" rel=\"noreferrer noopener\" aria-label=\"Ateliers d'Art (opens in a new tab)\">Editions Ateliers d&rsquo;Art<\/a><br \/><em>France. 2020<\/em><\/td>\n<\/tr>\n<tr>\n<td>\n<figure class=\"swap-on-hover\"><img decoding=\"async\" src=\"http:\/\/www.damienfrancois.com\/files\/biotiful.jpg\" alt=\"Glass is Biotiful\" width=\"360\" \/><\/figure>\n<\/td>\n<td>\n<h3>Glass is Biotiful 2<\/h3>\nCatalogue d\u2019exposition, P.15<br \/><a onclick=\"javascript:pageTracker._trackPageview('\/outgoing\/vip-studio360.fr\/galerie360\/visites\/vv-mairie-de-biot\/vv-glass-is-biotiful-2-c.html');\"  href=\"https:\/\/vip-studio360.fr\/galerie360\/visites\/vv-mairie-de-biot\/vv-glass-is-biotiful-2-c.html\" target=\"_blank\" rel=\"noreferrer noopener\" aria-label=\"Glass is Biotiful (opens in a new tab)\">Glass is Biotiful II<\/a><br \/><em>Salles Hedberg \/ Torun, Biot, France. 2020<\/em><\/td>\n<\/tr>\n<tr>\n<td>\n<figure class=\"swap-on-hover\"><a onclick=\"javascript:pageTracker._trackPageview('\/downloads\/files\/01-Glassart2018.pdf');\"  href=\"http:\/\/www.damienfrancois.com\/files\/01-Glassart2018.pdf\" target=\"_blank\" rel=\"noopener noreferrer\"> <img decoding=\"async\" src=\"http:\/\/www.damienfrancois.com\/files\/01glassart.jpg\" alt=\"Glassart\" width=\"360\" \/><\/a><\/figure>\n<\/td>\n<td>\n<h3>Glassart 2018, Mati\u00e8re \u00e0 R\u00e9fl\u00e9chir<\/h3>\nCatalogue, P. 11<br \/><a onclick=\"javascript:pageTracker._trackPageview('\/outgoing\/www.galeriemetamorphik.com\/');\"  href=\"https:\/\/www.galeriemetamorphik.com\/\" target=\"_blank\" rel=\"noreferrer noopener\" aria-label=\"Galerie Metamorphik (opens in a new tab)\">Galerie Metamorphik<\/a><br \/><em>Sainte-foy-les-Lyon, France. 2018<\/em><\/td>\n<\/tr>\n<tr>\n<td>\n<figure><a onclick=\"javascript:pageTracker._trackPageview('\/downloads\/files\/02-Aujourdhui2018.pdf');\"  href=\"http:\/\/www.damienfrancois.com\/files\/02-Aujourdhui2018.pdf\" target=\"_blank\" rel=\"noopener noreferrer\"><img decoding=\"async\" src=\"http:\/\/www.damienfrancois.com\/files\/02aujourdhui.jpg\" width=\"360\" \/><\/a><\/figure>\n<\/td>\n<td>\n<h3>Aujourd\u2019hui et Demain : la jeune garde du verre fran\u00e7ais<\/h3>\nCatalogue, P. 127<br \/><a onclick=\"javascript:pageTracker._trackPageview('\/outgoing\/www.museeverre-tarn.com\/spip.php?article787');\"  href=\"http:\/\/www.museeverre-tarn.com\/spip.php?article787\" target=\"_blank\" rel=\"noreferrer noopener\" aria-label=\"Mus\u00e9e\/Centre d'art du Verre (opens in a new tab)\">Mus\u00e9e\/Centre d&rsquo;art du Verre<\/a><br \/><em>Carmaux, France. 2018<\/em><\/td>\n<\/tr>\n<tr>\n<td>\n<figure><a onclick=\"javascript:pageTracker._trackPageview('\/downloads\/files\/03-eloge.pdf');\"  href=\"http:\/\/www.damienfrancois.com\/files\/03-eloge.pdf\" target=\"_blank\" rel=\"noopener noreferrer\"><img loading=\"lazy\" decoding=\"async\" class=\"alignnone\" src=\"http:\/\/www.damienfrancois.com\/files\/03eloge.jpg\" alt=\"\" width=\"360\" height=\"300\" \/><\/a><\/figure>\n<\/td>\n<td>\n<h3>Pens\u00e9e abstraite : Eloge de l&rsquo;\u00eatre<\/h3>\nEssai, P. 70<br \/><a onclick=\"javascript:pageTracker._trackPageview('\/outgoing\/www.galeriemottet.fr\/');\"  href=\"https:\/\/www.galeriemottet.fr\/\" target=\"_blank\" rel=\"noreferrer noopener\" aria-label=\"Christophe Mottet (opens in a new tab)\">Christophe Mottet<\/a><br \/><em>Chamb\u00e9ry, France. 2017<\/em><\/td>\n<\/tr>\n<tr>\n<td>\n<figure><a onclick=\"javascript:pageTracker._trackPageview('\/downloads\/files\/04-Couleurs2016.pdf');\"  href=\"http:\/\/www.damienfrancois.com\/files\/04-Couleurs2016.pdf\" target=\"_blank\" rel=\"noopener noreferrer\"><img decoding=\"async\" src=\"http:\/\/www.damienfrancois.com\/files\/04couleurs.jpg\" width=\"360\" \/><\/a><\/figure>\n<\/td>\n<td>\n<h3>Les couleurs du verre : 1900-2006<\/h3>\nCatalogue<br \/><em>Ch\u00e2teau de S\u00e9di\u00e8res, Corr\u00e8ze \/<br \/>Mus\u00e9e des arts d\u00e9coratifs de Paris, France. 2016<\/em><\/td>\n<\/tr>\n<tr>\n<td>\n<figure><a onclick=\"javascript:pageTracker._trackPageview('\/downloads\/files\/05-Tresors2015.pdf');\"  href=\"http:\/\/www.damienfrancois.com\/files\/05-Tresors2015.pdf\" target=\"_blank\" rel=\"noopener noreferrer\"><img decoding=\"async\" src=\"http:\/\/www.damienfrancois.com\/files\/05tresors.jpg\" width=\"360\" \/><\/a><\/figure>\n<\/td>\n<td>\n<h3>Tr\u00e9sors de Sable et de Feu, Verre et cristal, XIVe-XXIe si\u00e8cle<\/h3>\nArticle<br \/><a onclick=\"javascript:pageTracker._trackPageview('\/outgoing\/www.lescollectionsdesign.fr\/2017\/04\/28\/AD-tresor-sable\/');\"  href=\"https:\/\/www.lescollectionsdesign.fr\/2017\/04\/28\/AD-tresor-sable\/\" target=\"_blank\" rel=\"noreferrer noopener\" aria-label=\"Mus\u00e9e des arts d\u00e9coratifs (opens in a new tab)\">Mus\u00e9e des arts d\u00e9coratifs<\/a> <br \/><em>Paris, France. 2015<\/em><\/td>\n<\/tr>\n<tr>\n<td>\n<figure><a onclick=\"javascript:pageTracker._trackPageview('\/downloads\/files\/atelier-comme-laboratoire.pdf');\"  href=\"http:\/\/www.damienfrancois.com\/files\/atelier-comme-laboratoire.pdf\" target=\"_blank\" rel=\"noopener noreferrer\"><img decoding=\"async\" src=\"http:\/\/www.damienfrancois.com\/files\/06banquet.jpg\" width=\"360\" \/><\/a><\/figure>\n<\/td>\n<td>\n<h3>Le banquet<\/h3>\nArticle, P. 83<br \/>L\u2019atelier comme laboratoire : le regard de Thomas Golsenne,<br \/>professeur d&rsquo;histoire des arts visuels \u00e0 la Villa Arson de Nice<br \/>Grand Palais<br \/><em>Paris, France. 2015<\/em><\/td>\n<\/tr>\n<tr>\n<td>\n<figure><a onclick=\"javascript:pageTracker._trackPageview('\/downloads\/files\/07-faiseurdart2015.pdf');\"  href=\"http:\/\/www.damienfrancois.com\/files\/07-faiseurdart2015.pdf\" target=\"_blank\" rel=\"noopener noreferrer\"><img decoding=\"async\" src=\"http:\/\/www.damienfrancois.com\/files\/07ceramique.jpg\" width=\"360\" \/><\/a><\/figure>\n<\/td>\n<td>\n<h3>Revue de la C\u00e9ramique et du Verre, n\u00b0201<\/h3>\nArticle, P. 44<br \/>\u00ab\u00a0Faiseur d&rsquo;art\u00a0\u00bb : portrait d&rsquo;artiste, Thierry de Beaumont<br \/><em>France. 2015<\/em><\/td>\n<\/tr>\n<tr>\n<td>\n<figure><a onclick=\"javascript:pageTracker._trackPageview('\/downloads\/files\/08-nickcave2015.pdf');\"  href=\"http:\/\/www.damienfrancois.com\/files\/08-nickcave2015.pdf\" target=\"_blank\" rel=\"noopener noreferrer\"><img decoding=\"async\" src=\"http:\/\/www.damienfrancois.com\/files\/08neue.jpg\" width=\"360\" \/><\/a><\/figure>\n<\/td>\n<td>\n<h3>Neues Glas-New Glass, n\u00b001\/2015<\/h3>\nArticle, P. 8<br \/>\u00ab\u00a0I love Nick Cave\u00a0\u00bb : portrait d&rsquo;artiste<br \/><em>Germany. 2015<\/em><\/td>\n<\/tr>\n<tr>\n<td>\n<figure><a onclick=\"javascript:pageTracker._trackPageview('\/downloads\/files\/09-echantillonneur2014.pdf');\"  href=\"http:\/\/www.damienfrancois.com\/files\/09-echantillonneur2014.pdf\" target=\"_blank\" rel=\"noopener noreferrer\"><img decoding=\"async\" src=\"http:\/\/www.damienfrancois.com\/files\/09verrecreation.jpg\" width=\"360\" \/><\/a><\/figure>\n<\/td>\n<td>\n<h3>Verre &amp; Cr\u00e9ation, n\u00b077<\/h3>\nArticle, P. 5<br \/>\u00ab\u00a0L&rsquo;\u00e9chantillonneur\u00a0\u00bb : portrait d&rsquo;artiste<br \/><em>Sars-Poteries, France. 2014<\/em><\/td>\n<\/tr>\n<tr>\n<td>\n<figure><a onclick=\"javascript:pageTracker._trackPageview('\/downloads\/files\/10-ege2014.pdf');\"  href=\"http:\/\/www.damienfrancois.com\/files\/10-ege2014.pdf\" target=\"_blank\" rel=\"noopener noreferrer\"><img decoding=\"async\" src=\"http:\/\/www.damienfrancois.com\/files\/10ege.jpg\" width=\"360\" \/><\/a><\/figure>\n<\/td>\n<td>\n<h3>European Glass Experience<\/h3>\nCatalogue, P. 89<br \/><a onclick=\"javascript:pageTracker._trackPageview('\/outgoing\/egeglass.eu\/');\"  href=\"http:\/\/egeglass.eu\/\" target=\"_blank\" rel=\"noreferrer noopener\" aria-label=\"EGE (opens in a new tab)\">EGE, Exhibition tour<\/a><br \/><em>Finland, Spain, Portugal, Italy. 2014<\/em><\/td>\n<\/tr>\n<tr>\n<td>\n<figure><a onclick=\"javascript:pageTracker._trackPageview('\/downloads\/files\/11-coburg2014.pdf');\"  href=\"http:\/\/www.damienfrancois.com\/files\/11-coburg2014.pdf\" target=\"_blank\" rel=\"noopener noreferrer\"><img decoding=\"async\" src=\"http:\/\/www.damienfrancois.com\/files\/11coburg.jpg\" width=\"360\" \/><\/a><\/figure>\n<\/td>\n<td>\n<h3>The Coburg Glaspreis<\/h3>\nCatalogue<br \/>Contemporary Glass<br \/><em>Coburg, Germany. 2014<\/em><\/td>\n<\/tr>\n<tr>\n<td>\n<figure><a onclick=\"javascript:pageTracker._trackPageview('\/outgoing\/urbanglass.org\/glass\/issue\/spring-2015');\"  href=\"https:\/\/urbanglass.org\/glass\/issue\/spring-2015\" target=\"_blank\" rel=\"noopener noreferrer\"><img decoding=\"async\" src=\"http:\/\/www.damienfrancois.com\/files\/12glass.jpg\" width=\"360\" \/><\/a><\/figure>\n<\/td>\n<td>\n<h3>Glass Quarterly #138<\/h3>\nMagazine<br \/>\u00ab\u00a0(Im)perfectionists\u00a0\u00bb, Urban Glass Publishing<br \/><em>Brooklyn, NY, USA. 2014<\/em><\/td>\n<\/tr>\n<tr>\n<td>\n<figure><a onclick=\"javascript:pageTracker._trackPageview('\/downloads\/files\/13-gamesofmatter2014.pdf');\"  href=\"http:\/\/www.damienfrancois.com\/files\/13-gamesofmatter2014.pdf\" target=\"_blank\" rel=\"noopener noreferrer\"><img decoding=\"async\" src=\"http:\/\/www.damienfrancois.com\/files\/13glasposten.jpg\" width=\"360\" \/><\/a><\/figure>\n<\/td>\n<td>\n<h3>Games of Matter : Damien Fran\u00e7ois exhibition<\/h3>\nCatalogue<br \/><a onclick=\"javascript:pageTracker._trackPageview('\/outgoing\/glasmuseet.dk\/');\"  href=\"https:\/\/glasmuseet.dk\/\" target=\"_blank\" rel=\"noreferrer noopener\" aria-label=\"Glasmuseet Ebeltoft (opens in a new tab)\">Glasmuseet Ebeltoft<\/a><br \/><em>Ebeltoft, Denmark. 2014<\/em><\/td>\n<\/tr>\n<tr>\n<td>\n<figure><a onclick=\"javascript:pageTracker._trackPageview('\/outgoing\/www.glassismore.com\/core\/content.php-&amp;option=viewitem&amp;id=42&amp;rd=1347&amp;le=120&amp;rg=.html');\"  href=\"https:\/\/www.glassismore.com\/core\/content.php-&amp;option=viewitem&amp;id=42&amp;rd=1347&amp;le=120&amp;rg=.html\" target=\"_blank\" rel=\"noopener noreferrer\"><img decoding=\"async\" src=\"http:\/\/www.damienfrancois.com\/files\/14glassismore.jpg\" width=\"360\" \/><\/a><\/figure>\n<\/td>\n<td>\n<h3>Glass is more!<\/h3>\nArticle<br \/>Contemporary French Studio Glass, from the 1990\u2019s to 2014<br \/><em>Netherlands. 2014<\/em><\/td>\n<\/tr>\n<tr>\n<td>\n<figure><img decoding=\"async\" src=\"http:\/\/www.damienfrancois.com\/files\/15newglass.jpg\" width=\"360\" \/><\/figure>\n<\/td>\n<td>\n<h3>New glass Review #34<\/h3>\nArticle<br \/><a onclick=\"javascript:pageTracker._trackPageview('\/outgoing\/www.cmog.org\/');\"  href=\"https:\/\/www.cmog.org\/\" target=\"_blank\" rel=\"noreferrer noopener\" aria-label=\"Corning Museum of glass (opens in a new tab)\">Corning Museum of glass<\/a><br \/><em>Corning, NY, USA. 2012<\/em><\/td>\n<\/tr>\n<tr>\n<td>\n<figure><a onclick=\"javascript:pageTracker._trackPageview('\/downloads\/files\/16-talente2012.pdf');\"  href=\"http:\/\/www.damienfrancois.com\/files\/16-talente2012.pdf\" target=\"_blank\" rel=\"noopener noreferrer\"><img decoding=\"async\" src=\"http:\/\/www.damienfrancois.com\/files\/16talente.jpg\" width=\"360\" \/><\/a><\/figure>\n<\/td>\n<td>\n<h3>Talente<\/h3>\nCatalogue<br \/>Premier Prix, Exposition Talente 2012 <br \/><em>Munich, Allemagne. 2012<\/em><\/td>\n<\/tr>\n<tr>\n<td>\n<figure><img decoding=\"async\" src=\"http:\/\/www.damienfrancois.com\/files\/17newglass.jpg\" width=\"360\" \/><\/figure>\n<\/td>\n<td>\n<h3>New glass Review #33<\/h3>\nArticle<br \/><a onclick=\"javascript:pageTracker._trackPageview('\/outgoing\/www.cmog.org\/');\"  href=\"https:\/\/www.cmog.org\/\" target=\"_blank\" rel=\"noreferrer noopener\" aria-label=\"Corning Museum of glass (opens in a new tab)\">Corning Museum of glass<\/a><br \/><em>Corning, NY, USA. 2012<\/em><\/td>\n<\/tr>\n<tr>\n<td>\n<figure><img decoding=\"async\" src=\"http:\/\/www.damienfrancois.com\/files\/18newglass.jpg\" width=\"360\" \/><\/figure>\n<\/td>\n<td>\n<h3>New glass Review #32<\/h3>\nArticle<br \/><a onclick=\"javascript:pageTracker._trackPageview('\/outgoing\/www.cmog.org\/');\"  href=\"https:\/\/www.cmog.org\/\" target=\"_blank\" rel=\"noreferrer noopener\" aria-label=\"Corning Museum of glass (opens in a new tab)\">Corning Museum of glass<\/a><br \/><em>Corning, NY, USA. 2011<\/em><\/td>\n<\/tr>\n<\/tbody>\n<\/table>\n\n\n\n<figure class=\"wp-block-gallery has-nested-images columns-default is-cropped wp-block-gallery-1 is-layout-flex wp-block-gallery-is-layout-flex\"><\/figure>\n","protected":false},"excerpt":{"rendered":"<p>Tendances r\u00e9siduelles Catalogue d\u2019exposition SoloSalles Hedberg \/ TorunBiot, France. 2023 Biennale du verre 2023 Catalogue d\u2019exposition &#8211; 6e Biennale du verreMus\u00e9e d\u2019Art et d\u2019Histoire de Colombes, P.14Paris, France, 2023 GlassArt2022 &#8211; Ad Vitrum \u00c6ternam Catalogue d\u2019exposition, P.14Omnium, Lyon, France, 2022 Revue de la C\u00e9ramique et du Verre, n\u00b0240 Article, P. 78\u00ab\u00a040 ans c\u00e9ramistes \/ verriers\u00a0\u00bbFrance. [&hellip;]<\/p>\n","protected":false},"author":3,"featured_media":0,"parent":0,"menu_order":0,"comment_status":"closed","ping_status":"closed","template":"","meta":{"footnotes":""},"acf":[],"_links":{"self":[{"href":"https:\/\/www.damienfrancois.com\/index.php?rest_route=\/wp\/v2\/pages\/3485"}],"collection":[{"href":"https:\/\/www.damienfrancois.com\/index.php?rest_route=\/wp\/v2\/pages"}],"about":[{"href":"https:\/\/www.damienfrancois.com\/index.php?rest_route=\/wp\/v2\/types\/page"}],"author":[{"embeddable":true,"href":"https:\/\/www.damienfrancois.com\/index.php?rest_route=\/wp\/v2\/users\/3"}],"replies":[{"embeddable":true,"href":"https:\/\/www.damienfrancois.com\/index.php?rest_route=%2Fwp%2Fv2%2Fcomments&post=3485"}],"version-history":[{"count":89,"href":"https:\/\/www.damienfrancois.com\/index.php?rest_route=\/wp\/v2\/pages\/3485\/revisions"}],"predecessor-version":[{"id":4682,"href":"https:\/\/www.damienfrancois.com\/index.php?rest_route=\/wp\/v2\/pages\/3485\/revisions\/4682"}],"wp:attachment":[{"href":"https:\/\/www.damienfrancois.com\/index.php?rest_route=%2Fwp%2Fv2%2Fmedia&parent=3485"}],"curies":[{"name":"wp","href":"https:\/\/api.w.org\/{rel}","templated":true}]}}