{"id":3188,"date":"2019-02-26T17:34:30","date_gmt":"2019-02-26T15:34:30","guid":{"rendered":"http:\/\/www.damienfrancois.com\/?page_id=3188"},"modified":"2024-01-24T19:31:51","modified_gmt":"2024-01-24T18:31:51","slug":"a-propos","status":"publish","type":"page","link":"https:\/\/www.damienfrancois.com\/?page_id=3188","title":{"rendered":"A propos"},"content":{"rendered":"\n<figure class=\"wp-block-gallery aligncenter has-nested-images columns-default wp-block-gallery-1 is-layout-flex wp-block-gallery-is-layout-flex\"><div class=\"wp-block-image\">\n<figure class=\"aligncenter size-full\"><img loading=\"lazy\" decoding=\"async\" width=\"400\" height=\"533\" data-id=\"4118\" src=\"https:\/\/www.damienfrancois.com\/wp-content\/uploads\/2021\/07\/dams400.jpg\" alt=\"\" class=\"wp-image-4118\" srcset=\"https:\/\/www.damienfrancois.com\/wp-content\/uploads\/2021\/07\/dams400.jpg 400w, https:\/\/www.damienfrancois.com\/wp-content\/uploads\/2021\/07\/dams400-225x300.jpg 225w\" sizes=\"(max-width: 400px) 100vw, 400px\" \/><\/figure><\/div><\/figure>\n\n\n\n\n<p>\u00a0<\/p>\n<p style=\"text-align: center;\">Damien Fran\u00e7ois est n\u00e9 en 1979 \u00e0 Reims (Marne). Dipl\u00f4m\u00e9 en 2010 de l\u2019\u00c9cole de Design du Danemark \u2013 Centre pour le Verre et la C\u00e9ramique \u2013 Bornholm (Danemark), l\u2019artiste va parfaire la connaissance de cette mati\u00e8re entre 2010 et 2015 dans de prestigieux ateliers de verre au Danemark, en France, en Norv\u00e8ge, en Allemagne ou encore aux \u00c9tats-Unis. Le projet de l\u2019artiste est ambitieux : consid\u00e9rer le verre comme le support de son esprit au m\u00eame titre que l\u2019huile pour le peintre ou le bronze pour le sculpteur afin de r\u00e9v\u00e9ler au monde l\u2019essence de cette mati\u00e8re qui l\u2019anime et le passionne.<\/p>\n<p style=\"text-align: center;\">Pour cela, il fallait percer les myst\u00e8res de ce mat\u00e9riau si particulier r\u00e9alis\u00e9 \u00e0 partir de sable. \u00c9tudier le verre c\u2019est, chez Damien Fran\u00e7ois, partager sa Vie, c\u2019est aussi l\u2019appr\u00e9hender \u00e0 partir de ses causes : conna\u00eetre ses constituants, comprendre ses r\u00e9actions en fonction des contraintes exerc\u00e9es, analyser ses sauts d\u2019humeur, ma\u00eetriser enfin sa technique de fabrication si d\u00e9licate. Avoir la connaissance des propri\u00e9t\u00e9s physiques et sensibles de cette mati\u00e8re \u00e9tait l\u2019\u00e9tape indispensable pour permettre \u00e0 l\u2019artiste non pas de les \u00e9liminer mais d\u2019\u00eatre capable de les \u00ab\u00a0abstraire\u00a0\u00bb de la chose pour acc\u00e9der \u00e0 sa Nature.<\/p>\n<p style=\"text-align: center;\">Le mat\u00e9riau \u00ab apprivois\u00e9 \u00bb, ne restait plus \u00e0 l\u2019artiste qu\u2019\u00e0 en r\u00e9v\u00e9ler son essence, sa beaut\u00e9 en y incluant la force de son esprit. De cette association va na\u00eetre toute une s\u00e9rie de compositions abstraites et de formes irrationnelles au sein desquelles Damien Fran\u00e7ois va faire coexister tel Janus, \u00e0 partir des jeux de mati\u00e8re et de couleurs, les contraires qui l\u2019animent.<\/p>\n<p style=\"text-align: right;\"><b><i>Christophe Mottet<\/i><\/b><\/p>\n\n<p>\u00a0<\/p>\n\n\n\n<figure class=\"wp-block-gallery aligncenter has-nested-images columns-default wp-block-gallery-2 is-layout-flex wp-block-gallery-is-layout-flex\"><div class=\"wp-block-image\">\n<figure class=\"aligncenter size-large\"><img loading=\"lazy\" decoding=\"async\" width=\"400\" height=\"267\" data-id=\"4123\" src=\"https:\/\/www.damienfrancois.com\/wp-content\/uploads\/2021\/07\/7G1A2632_Jaime-Hayon_26072016_Ingebjorg-Ka\u030arstad\u00a9CIRECA_Domaine-de-Boisbuchet-1.jpg-1.jpg\" alt=\"\" class=\"wp-image-4123\" srcset=\"https:\/\/www.damienfrancois.com\/wp-content\/uploads\/2021\/07\/7G1A2632_Jaime-Hayon_26072016_Ingebjorg-Ka\u030arstad\u00a9CIRECA_Domaine-de-Boisbuchet-1.jpg-1.jpg 400w, https:\/\/www.damienfrancois.com\/wp-content\/uploads\/2021\/07\/7G1A2632_Jaime-Hayon_26072016_Ingebjorg-Ka\u030arstad\u00a9CIRECA_Domaine-de-Boisbuchet-1.jpg-1-300x200.jpg 300w, https:\/\/www.damienfrancois.com\/wp-content\/uploads\/2021\/07\/7G1A2632_Jaime-Hayon_26072016_Ingebjorg-Ka\u030arstad\u00a9CIRECA_Domaine-de-Boisbuchet-1.jpg-1-379x254.jpg 379w\" sizes=\"(max-width: 400px) 100vw, 400px\" \/><\/figure><\/div><\/figure>\n\n\n\n<p>&nbsp;<\/p>\n<p>&nbsp;<\/p>\n\n<h2 style=\"text-align: center;\"><a onclick=\"javascript:pageTracker._trackPageview('\/downloads\/wp-content\/uploads\/2024\/01\/CV-Damien-Francois-2024.pdf');\"  href=\"https:\/\/www.damienfrancois.com\/wp-content\/uploads\/2024\/01\/CV-Damien-Francois-2024.pdf\" target=\"_blank\" rel=\"noopener noreferrer\"><span style=\"color: #333333;\"><span style=\"color: #1a479c;\">C.V.<\/span><\/span><\/a><\/h2>\n\n<p>&nbsp;<\/p>\n","protected":false},"excerpt":{"rendered":"<p>\u00a0 Damien Fran\u00e7ois est n\u00e9 en 1979 \u00e0 Reims (Marne). Dipl\u00f4m\u00e9 en 2010 de l\u2019\u00c9cole de Design du Danemark \u2013 Centre pour le Verre et la C\u00e9ramique \u2013 Bornholm (Danemark), l\u2019artiste va parfaire la connaissance de cette mati\u00e8re entre 2010 et 2015 dans de prestigieux ateliers de verre au Danemark, en France, en Norv\u00e8ge, en [&hellip;]<\/p>\n","protected":false},"author":2,"featured_media":0,"parent":0,"menu_order":0,"comment_status":"closed","ping_status":"closed","template":"","meta":{"footnotes":""},"acf":[],"_links":{"self":[{"href":"https:\/\/www.damienfrancois.com\/index.php?rest_route=\/wp\/v2\/pages\/3188"}],"collection":[{"href":"https:\/\/www.damienfrancois.com\/index.php?rest_route=\/wp\/v2\/pages"}],"about":[{"href":"https:\/\/www.damienfrancois.com\/index.php?rest_route=\/wp\/v2\/types\/page"}],"author":[{"embeddable":true,"href":"https:\/\/www.damienfrancois.com\/index.php?rest_route=\/wp\/v2\/users\/2"}],"replies":[{"embeddable":true,"href":"https:\/\/www.damienfrancois.com\/index.php?rest_route=%2Fwp%2Fv2%2Fcomments&post=3188"}],"version-history":[{"count":80,"href":"https:\/\/www.damienfrancois.com\/index.php?rest_route=\/wp\/v2\/pages\/3188\/revisions"}],"predecessor-version":[{"id":4673,"href":"https:\/\/www.damienfrancois.com\/index.php?rest_route=\/wp\/v2\/pages\/3188\/revisions\/4673"}],"wp:attachment":[{"href":"https:\/\/www.damienfrancois.com\/index.php?rest_route=%2Fwp%2Fv2%2Fmedia&parent=3188"}],"curies":[{"name":"wp","href":"https:\/\/api.w.org\/{rel}","templated":true}]}}